{"id":3,"date":"2023-11-06T16:24:39","date_gmt":"2023-11-06T16:24:39","guid":{"rendered":"https:\/\/antikkonak.com\/?page_id=3"},"modified":"2023-11-08T09:47:16","modified_gmt":"2023-11-08T09:47:16","slug":"sustainability","status":"publish","type":"page","link":"https:\/\/antikkonak.com\/En\/sustainability\/","title":{"rendered":"Sustainability"},"content":{"rendered":"<h1 style=\"text-align: center;\">\u00a0<\/h1>\n<p><img fetchpriority=\"high\" decoding=\"async\" class=\"aligncenter wp-image-372 \" src=\"https:\/\/antikkonak.com\/En\/wp-content\/uploads\/2023\/11\/image001-2.jpg\" alt=\"\" width=\"560\" height=\"746\" srcset=\"https:\/\/antikkonak.com\/En\/wp-content\/uploads\/2023\/11\/image001-2.jpg 1201w, https:\/\/antikkonak.com\/En\/wp-content\/uploads\/2023\/11\/image001-2-225x300.jpg 225w, https:\/\/antikkonak.com\/En\/wp-content\/uploads\/2023\/11\/image001-2-769x1024.jpg 769w, https:\/\/antikkonak.com\/En\/wp-content\/uploads\/2023\/11\/image001-2-768x1023.jpg 768w, https:\/\/antikkonak.com\/En\/wp-content\/uploads\/2023\/11\/image001-2-1153x1536.jpg 1153w\" sizes=\"(max-width: 560px) 100vw, 560px\" \/><\/p>\n<h1 style=\"text-align: center;\">ANT\u0130K KONAK<\/h1>\n<h1 style=\"text-align: center;\">S\u00fcrd\u00fcr\u00fclebilirlik Raporu<\/h1>\n<h1 style=\"text-align: center;\">KASIM 2023<\/h1>\n<p>\u0130\u00e7erik<\/p>\n<p>1 \u2013 Tesis Tan\u0131t\u0131m\u0131 ve \u00d6zellikleri<\/p>\n<p>2 \u2013 \u00c7evre Etkilerinin Azalt\u0131lmas\u0131<\/p>\n<p>3 \u2013 Personel ve \u00c7al\u0131\u015fma Hayat\u0131<\/p>\n<p>4 \u2013 Yap\u0131lan Sosyal \u00c7al\u0131\u015fmalar<\/p>\n<p>5 \u2013 K\u00fclt\u00fcrel \u00c7al\u0131\u015fmalar<\/p>\n<p><img decoding=\"async\" class=\"aligncenter wp-image-369 \" src=\"https:\/\/antikkonak.com\/En\/wp-content\/uploads\/2023\/11\/image001-1.jpg\" alt=\"\" width=\"521\" height=\"694\" srcset=\"https:\/\/antikkonak.com\/En\/wp-content\/uploads\/2023\/11\/image001-1.jpg 1201w, https:\/\/antikkonak.com\/En\/wp-content\/uploads\/2023\/11\/image001-1-225x300.jpg 225w, https:\/\/antikkonak.com\/En\/wp-content\/uploads\/2023\/11\/image001-1-769x1024.jpg 769w, https:\/\/antikkonak.com\/En\/wp-content\/uploads\/2023\/11\/image001-1-768x1023.jpg 768w, https:\/\/antikkonak.com\/En\/wp-content\/uploads\/2023\/11\/image001-1-1153x1536.jpg 1153w\" sizes=\"(max-width: 521px) 100vw, 521px\" \/><\/p>\n<h3><strong>1 \u2013 Tesis Tan\u0131m\u0131 ve Tesis \u00d6zellikleri<\/strong><\/h3>\n<p>K\u00fc\u00e7\u00fck Ayasofya Camii Kar\u015f\u0131s\u0131nda bulunan ve Sultan Ahmet Meydan\u0131, Ayasofya, Topkap\u0131 Saray\u0131 ve Di\u011fer Tarihi Eserleri, yap\u0131lar\u0131 B\u00fcnyesinde Bar\u0131nd\u0131ran nadide mekanlara Yakla\u015f\u0131k 10 Dakika Y\u00fcr\u00fcme Mesafesinde Bulunan Antik Konak \u00dcst Katlardaki Odalar\u0131 ile Deniz Manzaras\u0131n\u0131n ve B\u00fcy\u00fck bah\u00e7enin esintilerini ta\u015f\u0131makta olup Antika g\u00f6r\u00fcn\u00fcm\u00fc ve e\u015fyalar\u0131 ile Tarih ile i\u00e7 i\u00e7e konaklamay\u0131 Vaad Ediyor.<\/p>\n<h2 style=\"text-align: center;\">\u00c7EVRE ETK\u0130LER\u0130N\u0130N AZALTILMASI<\/h2>\n<h2 style=\"text-align: center;\">SU Y\u00d6NET\u0130M\u0130<\/h2>\n<p>&nbsp;<\/p>\n<p>ANT\u0130K KONAK \u0130stanbul olarak en \u00f6nemli do\u011fal kayna\u011f\u0131m\u0131z olan suyu \u00f6nemsiyor ve gerekli tasarruf kontrol tedbirlerini al\u0131yoruz. G\u00fcnl\u00fck ayl\u0131k ve y\u0131ll\u0131k su t\u00fcketim analizlerimizi OPEN (Global Enerji T\u00fcketim \u0130zleme Platformu) \u00fczerinden yap\u0131yoruz. Analizlerimizi toplam ve misafir say\u0131s\u0131na g\u00f6re takip edebiliyoruz. 2022 y\u0131l\u0131 ki\u015fi ba\u015f\u0131 t\u00fcketim 117lt iken 2023 y\u0131l\u0131nda %7 azaltarak ki\u015fi ba\u015f\u0131 t\u00fcketim ortalamas\u0131n\u0131 102 lt d\u00fc\u015f\u00fcrmeyi hedefliyoruz.<\/p>\n<p>Enerji ve sudan tasarruf etmek i\u00e7in odalar\u0131m\u0131zda bulunan dijital katalog ve kartlar ile \u00e7ar\u015faflar\u0131n ve havlular\u0131n her g\u00fcn de\u011fi\u015ftirilmesi durumunda t\u00fcketilecek su ve enerjiye vurgu yaparak misafirlerimizi bilgilendiriyoruz.<\/p>\n<p><img decoding=\"async\" class=\"aligncenter wp-image-374 size-full\" src=\"https:\/\/antikkonak.com\/En\/wp-content\/uploads\/2023\/11\/image001.png\" alt=\"\" width=\"625\" height=\"234\" srcset=\"https:\/\/antikkonak.com\/En\/wp-content\/uploads\/2023\/11\/image001.png 625w, https:\/\/antikkonak.com\/En\/wp-content\/uploads\/2023\/11\/image001-300x112.png 300w\" sizes=\"(max-width: 625px) 100vw, 625px\" \/><\/p>\n<p>Oda ve genel alanlarda kullan\u0131lan bataryalarda suyu filtreleyen ve hava ile kar\u0131\u015f\u0131m sa\u011flayarak daha az su ile daha bas\u0131n\u00e7l\u0131 hissi veren PERLAT\u00d6RL\u00dc cihazlar mevcuttur.\u00a0 Genel alan misafir odalar\u0131 ve personel odalar\u0131nda su t\u00fcketimi azaltacak sistemlere sahibiz. Personellerimizi ayl\u0131k olarak tasarruf konular\u0131nda e\u011fitim ile bilin\u00e7lendiriyoruz.<\/p>\n<p><img loading=\"lazy\" decoding=\"async\" class=\"wp-image-375 size-full aligncenter\" src=\"https:\/\/antikkonak.com\/En\/wp-content\/uploads\/2023\/11\/image003.jpg\" alt=\"\" width=\"511\" height=\"768\" srcset=\"https:\/\/antikkonak.com\/En\/wp-content\/uploads\/2023\/11\/image003.jpg 511w, https:\/\/antikkonak.com\/En\/wp-content\/uploads\/2023\/11\/image003-200x300.jpg 200w\" sizes=\"(max-width: 511px) 100vw, 511px\" \/><\/p>\n<p><img loading=\"lazy\" decoding=\"async\" class=\"wp-image-376 size-full aligncenter\" src=\"https:\/\/antikkonak.com\/En\/wp-content\/uploads\/2023\/11\/image005.jpg\" alt=\"\" width=\"512\" height=\"768\" srcset=\"https:\/\/antikkonak.com\/En\/wp-content\/uploads\/2023\/11\/image005.jpg 512w, https:\/\/antikkonak.com\/En\/wp-content\/uploads\/2023\/11\/image005-200x300.jpg 200w\" sizes=\"(max-width: 512px) 100vw, 512px\" \/><\/p>\n<p><img loading=\"lazy\" decoding=\"async\" class=\"aligncenter wp-image-377 size-full\" src=\"https:\/\/antikkonak.com\/En\/wp-content\/uploads\/2023\/11\/image007.jpg\" alt=\"\" width=\"800\" height=\"533\" srcset=\"https:\/\/antikkonak.com\/En\/wp-content\/uploads\/2023\/11\/image007.jpg 800w, https:\/\/antikkonak.com\/En\/wp-content\/uploads\/2023\/11\/image007-300x200.jpg 300w, https:\/\/antikkonak.com\/En\/wp-content\/uploads\/2023\/11\/image007-768x512.jpg 768w\" sizes=\"(max-width: 800px) 100vw, 800px\" \/><\/p>\n<h2 style=\"text-align: center;\">ELEKTR\u0130K Y\u00d6NET\u0130M\u0130<\/h2>\n<p>Odalarda enerji otomatik kapama sistemi kullan\u0131lmaktad\u0131r. Odalar\u0131n bo\u015f oldu\u011fu zamanlarda elektrik t\u00fcketimi s\u0131f\u0131ra yak\u0131nd\u0131r. Genel alanlardaki fotoselli \u0131\u015f\u0131klar ve led ayd\u0131nlatma sayesinde t\u00fcketimi minimuma d\u00fc\u015f\u00fcrmektedir. Bina d\u0131\u015f ayd\u0131nlatmas\u0131 zaman ayarlay\u0131c\u0131 sigortalar ile tasarruf edilmektedir. T\u00fcm elektrikli elektronik \u00fcr\u00fcnler A++ s\u0131n\u0131f\u0131 LED tv ler ve mini barlar kullan\u0131l\u0131yor.<\/p>\n<h2 style=\"text-align: center;\">DO\u011eALGAZ KULLANIMI<\/h2>\n<p>Otelimizde fosil yak\u0131tlar aras\u0131nda \u00e7evreye en az zararl\u0131 ve en ekonomik yak\u0131t olan do\u011falgaz kullan\u0131lmaktad\u0131r. Do\u011falgaz temiz ve \u00e7evreyle dost olma \u00f6zelli\u011fi sayesinde tercih sebebimizdir. Yand\u0131\u011f\u0131nda k\u00fcl ve k\u00fck\u00fcrt bile\u015fenlerini bar\u0131nd\u0131rmad\u0131\u011f\u0131ndan asit ya\u011fmurlar\u0131na neden olmaz. Gaz halinde olmas\u0131 nedeni ile hava ile daha iyi bir kar\u0131\u015f\u0131m olu\u015fturarak kolay yanar lpg ye oranla daha az oksijene ihtiya\u00e7 duyar.<\/p>\n<p>Otelimiz i\u00e7erisinde en \u00fcst enerji tasarruflu sistemler kullan\u0131lmaya \u00f6zen g\u00f6stermekteyiz. Kalite ile birlikte tasarrufunu da benimseyen sistemler \u00f6nceli\u011fimizdir. Binam\u0131zdaki enerji t\u00fcketimi g\u00fcnl\u00fck haftal\u0131k ayl\u0131k takip edilmektedir.<\/p>\n<h2 style=\"text-align: center;\">ATIK Y\u00d6NET\u0130M\u0130<\/h2>\n<p>Otelimiz s\u0131f\u0131r at\u0131k alan\u0131nda at\u0131klar yasal mevzuat \u015fartlar\u0131na g\u00f6re s\u0131n\u0131fland\u0131r\u0131larak farkl\u0131 b\u00f6l\u00fcmlerde depolan\u0131r. At\u0131klar her g\u00fcn ilgili personel taraf\u0131ndan s\u0131f\u0131r at\u0131k odas\u0131na g\u00f6t\u00fcr\u00fcl\u00fcr ve ayr\u0131lm\u0131\u015f b\u00f6l\u00fcmlere at\u0131l\u0131r. Kat\u0131 ve d\u00f6n\u00fc\u015febilen at\u0131klar belirlenen g\u00fcn ve saatte ilgili at\u0131k \u015firketince veya resmi kurumlara teslim edilir.<\/p>\n<h2 style=\"text-align: center;\">PERSONEL VE \u00c7ALI\u015eMA HAYATI<\/h2>\n<p>ANT\u0130K KONAK \u0130stanbul olarak davran\u0131\u015f kurallar\u0131m\u0131z\u0131n kalbindeki temel de\u011ferlerimiz ortak dilimizdir ve bizleri her g\u00fcn y\u00f6nlendirirler. Kimli\u011fimizin ve k\u00fclt\u00fcr\u00fcm\u00fcz\u00fcn sembol\u00fc olan ho\u015fg\u00f6r\u00fcl\u00fc yakla\u015f\u0131m\u0131m\u0131z \u00e7evreye ve d\u00fcnyada ya\u015fayan t\u00fcm canl\u0131lara olan sayg\u0131m\u0131zdan bellidir.<\/p>\n<p>2022 y\u0131l\u0131 ve devam\u0131nda gelen senelerde kadromuzu sabit tutarak yeni gelen ekip arkada\u015flar\u0131m\u0131za da bu bilinci yerle\u015ftirmeyi ve bu d\u00fc\u015f\u00fcncedeki personeller ile \u00e7al\u0131\u015fmay\u0131 hedefliyoruz. Toplamda 1 personel ile marka e\u011fitimleri yabanc\u0131 dil e\u011fitimi i\u015f sa\u011fl\u0131\u011f\u0131 e\u011fitimi hijyen ve temizlik e\u011fitimleri gibi konularda e\u011fitim verilmi\u015f 2023 y\u0131l\u0131nda da yine ayn\u0131 e\u011fitimler ile personelimizi her daim zinde ve ihtiya\u00e7lar do\u011frultusunda geli\u015fimini artt\u0131rmay\u0131 hedefliyoruz.<\/p>\n<p><img loading=\"lazy\" decoding=\"async\" class=\"aligncenter wp-image-378 size-full\" src=\"https:\/\/antikkonak.com\/En\/wp-content\/uploads\/2023\/11\/image001-3.jpg\" alt=\"\" width=\"541\" height=\"724\" srcset=\"https:\/\/antikkonak.com\/En\/wp-content\/uploads\/2023\/11\/image001-3.jpg 541w, https:\/\/antikkonak.com\/En\/wp-content\/uploads\/2023\/11\/image001-3-224x300.jpg 224w\" sizes=\"(max-width: 541px) 100vw, 541px\" \/><\/p>\n<p><img loading=\"lazy\" decoding=\"async\" class=\"aligncenter wp-image-379 size-full\" src=\"https:\/\/antikkonak.com\/En\/wp-content\/uploads\/2023\/11\/image002.jpg\" alt=\"\" width=\"534\" height=\"710\" srcset=\"https:\/\/antikkonak.com\/En\/wp-content\/uploads\/2023\/11\/image002.jpg 534w, https:\/\/antikkonak.com\/En\/wp-content\/uploads\/2023\/11\/image002-226x300.jpg 226w\" sizes=\"(max-width: 534px) 100vw, 534px\" \/><\/p>\n<p><img loading=\"lazy\" decoding=\"async\" class=\"aligncenter wp-image-380 size-full\" src=\"https:\/\/antikkonak.com\/En\/wp-content\/uploads\/2023\/11\/image003-1.jpg\" alt=\"\" width=\"591\" height=\"714\" srcset=\"https:\/\/antikkonak.com\/En\/wp-content\/uploads\/2023\/11\/image003-1.jpg 591w, https:\/\/antikkonak.com\/En\/wp-content\/uploads\/2023\/11\/image003-1-248x300.jpg 248w\" sizes=\"(max-width: 591px) 100vw, 591px\" \/><\/p>\n<p><img loading=\"lazy\" decoding=\"async\" class=\"wp-image-381 size-medium alignright\" src=\"https:\/\/antikkonak.com\/En\/wp-content\/uploads\/2023\/11\/image004-300x237.png\" alt=\"\" width=\"300\" height=\"237\" srcset=\"https:\/\/antikkonak.com\/En\/wp-content\/uploads\/2023\/11\/image004-300x237.png 300w, https:\/\/antikkonak.com\/En\/wp-content\/uploads\/2023\/11\/image004.png 762w\" sizes=\"(max-width: 300px) 100vw, 300px\" \/><\/p>\n<h2 style=\"text-align: center;\">MOT\u0130VASYON ETK\u0130NL\u0130KLER\u0130<\/h2>\n<p>2022 y\u0131l\u0131nda oldu\u011fu gibi bu y\u0131l da \u00e7al\u0131\u015fanlar\u0131m\u0131z\u0131n motivasyonunu artt\u0131r\u0131c\u0131 sosyal sorumluluk projelerinde yer ald\u0131k ve \u00f6zel g\u00fcnleri kutlarken birlikte e\u011flendik. Hi\u00e7birimiz unutmuyoruz ki biz bir aileyiz ve misafirlerimiz de otelde kald\u0131klar\u0131 s\u00fcre i\u00e7erisinde bizlerle e\u011flenerek tatillerini ge\u00e7iriyorlar.<\/p>\n<p>Bu kapsam da 2022 y\u0131l\u0131nda \u00e7al\u0131\u015fanlar\u0131m\u0131za yap\u0131lan ankette \u2018\u2019\u00c7al\u0131\u015fan Ba\u011fl\u0131l\u0131\u011f\u0131\u2019\u2019\u00a0 %100 kat\u0131l\u0131m sa\u011flanarak olu\u015fan sonu\u00e7 9.7 puan ile sekt\u00f6rde \u00f6rnek olmay\u0131 hedefliyoruz. Bu ba\u015far\u0131y\u0131 2023 y\u0131l\u0131nda da devam ettirme \u00e7abas\u0131nday\u0131z.<\/p>\n<p>&nbsp;<\/p>\n<h2 style=\"text-align: center;\">Sosyal Sorumluluk \u00c7al\u0131\u015fmalar\u0131<\/h2>\n<p>2022 y\u0131l\u0131nda olu\u015fan yang\u0131nlar neticesinde kaybetti\u011fimiz ormanlar\u0131 tekrar ye\u015fertebilmek ad\u0131na yap\u0131lan TEMA fidan ba\u011f\u0131\u015f\u0131<\/p>\n<p>2023 y\u0131l\u0131 Kahramanmara\u015f depremi sonras\u0131 erzak ve k\u0131yafet yard\u0131m kampanyalar\u0131 d\u00fczenledik<\/p>\n<h2 style=\"text-align: center;\">K\u00dcLT\u00dcREL M\u0130RASIN TANITILMASI<\/h2>\n<p>Otelimizde geleneksel T\u00fcrk kahvalt\u0131s\u0131 yan\u0131 s\u0131ra misafirlerimize T\u00fcrk Kahvesi ikram\u0131m\u0131z ve yan\u0131nda T\u00fcrk Lokumu ile servis ederek K\u00dcLT\u00dcREL M\u0130RASIMIZA SAH\u0130P \u00e7\u0131k\u0131yoruz.<\/p>\n<p><img loading=\"lazy\" decoding=\"async\" class=\"aligncenter wp-image-382 size-full\" src=\"https:\/\/antikkonak.com\/En\/wp-content\/uploads\/2023\/11\/image005.png\" alt=\"\" width=\"841\" height=\"455\" srcset=\"https:\/\/antikkonak.com\/En\/wp-content\/uploads\/2023\/11\/image005.png 841w, https:\/\/antikkonak.com\/En\/wp-content\/uploads\/2023\/11\/image005-300x162.png 300w, https:\/\/antikkonak.com\/En\/wp-content\/uploads\/2023\/11\/image005-768x416.png 768w\" sizes=\"(max-width: 841px) 100vw, 841px\" \/><\/p>\n<p>&nbsp;<\/p>\n","protected":false},"excerpt":{"rendered":"<p>\u00a0 ANT\u0130K KONAK S\u00fcrd\u00fcr\u00fclebilirlik Raporu KASIM 2023 \u0130\u00e7erik 1 \u2013 Tesis Tan\u0131t\u0131m\u0131 ve \u00d6zellikleri 2 \u2013 \u00c7evre Etkilerinin Azalt\u0131lmas\u0131 3 \u2013 Personel ve \u00c7al\u0131\u015fma Hayat\u0131 [&hellip;]<\/p>\n","protected":false},"author":1,"featured_media":0,"parent":0,"menu_order":0,"comment_status":"closed","ping_status":"closed","template":"template-fullwide.php","meta":{"footnotes":""},"class_list":["post-3","page","type-page","status-publish","hentry"],"_links":{"self":[{"href":"https:\/\/antikkonak.com\/En\/wp-json\/wp\/v2\/pages\/3","targetHints":{"allow":["GET"]}}],"collection":[{"href":"https:\/\/antikkonak.com\/En\/wp-json\/wp\/v2\/pages"}],"about":[{"href":"https:\/\/antikkonak.com\/En\/wp-json\/wp\/v2\/types\/page"}],"author":[{"embeddable":true,"href":"https:\/\/antikkonak.com\/En\/wp-json\/wp\/v2\/users\/1"}],"replies":[{"embeddable":true,"href":"https:\/\/antikkonak.com\/En\/wp-json\/wp\/v2\/comments?post=3"}],"version-history":[{"count":6,"href":"https:\/\/antikkonak.com\/En\/wp-json\/wp\/v2\/pages\/3\/revisions"}],"predecessor-version":[{"id":460,"href":"https:\/\/antikkonak.com\/En\/wp-json\/wp\/v2\/pages\/3\/revisions\/460"}],"wp:attachment":[{"href":"https:\/\/antikkonak.com\/En\/wp-json\/wp\/v2\/media?parent=3"}],"curies":[{"name":"wp","href":"https:\/\/api.w.org\/{rel}","templated":true}]}}