{"id":2,"date":"2023-11-06T16:24:39","date_gmt":"2023-11-06T16:24:39","guid":{"rendered":"https:\/\/antikkonak.com\/?page_id=2"},"modified":"2023-11-08T09:48:51","modified_gmt":"2023-11-08T09:48:51","slug":"contact","status":"publish","type":"page","link":"https:\/\/antikkonak.com\/En\/contact\/","title":{"rendered":"Contact"},"content":{"rendered":"\t\t<div data-elementor-type=\"wp-page\" data-elementor-id=\"2\" class=\"elementor elementor-2\">\n\t\t\t\t<div class=\"elementor-element elementor-element-78d8ac9 e-flex e-con-boxed e-con e-parent\" data-id=\"78d8ac9\" data-element_type=\"container\">\n\t\t\t\t\t<div class=\"e-con-inner\">\n\t\t\t\t<div class=\"elementor-element elementor-element-bf48fdc elementor-widget elementor-widget-google_maps\" data-id=\"bf48fdc\" data-element_type=\"widget\" data-widget_type=\"google_maps.default\">\n\t\t\t\t<div class=\"elementor-widget-container\">\n\t\t\t\t\t\t\t<div class=\"elementor-custom-embed\">\n\t\t\t<iframe loading=\"lazy\"\n\t\t\t\t\tsrc=\"https:\/\/maps.google.com\/maps?q=Antik%20Konak%20Luxury%20Apart%20Hotel&#038;t=m&#038;z=17&#038;output=embed&#038;iwloc=near\"\n\t\t\t\t\ttitle=\"Antik Konak Luxury Apart Hotel\"\n\t\t\t\t\taria-label=\"Antik Konak Luxury Apart Hotel\"\n\t\t\t><\/iframe>\n\t\t<\/div>\n\t\t\t\t\t\t<\/div>\n\t\t\t\t<\/div>\n\t\t\t\t<div class=\"elementor-element elementor-element-6387e5e elementor-widget__width-initial elementor-widget elementor-widget-text-editor\" data-id=\"6387e5e\" data-element_type=\"widget\" data-widget_type=\"text-editor.default\">\n\t\t\t\t<div class=\"elementor-widget-container\">\n\t\t\t\t\t\t\t\t\t<div class=\"fO2voc-jRmmHf-MZArnb-Q7Zjwb\"><div class=\"qqvbed-tJHJj\"><h1 class=\"qqvbed-tJHJj-fmcmS\">Antik Konak Luxury Apart Hotel<\/h1><\/div><\/div><div>\u00a0<\/div><div><p><img decoding=\"async\" title=\"Antik Konak\" src=\"https:\/\/web.archive.org\/web\/20220120200627im_\/http:\/\/antikkonak.com\/assets\/images\/home.png\" alt=\"Antik Konak\" \/>\u00a0 K\u00fc\u00e7\u00fckayasofya Cad.No:78, 34122 <strong>Sultanahmet &#8211; Fatih \/ T\u00fcrkiye<\/strong><\/p><p><img decoding=\"async\" title=\"Antik Konak\" src=\"https:\/\/web.archive.org\/web\/20220120200627im_\/http:\/\/antikkonak.com\/assets\/images\/phone.png\" alt=\"Antik Konak\" \/>\u00a0 (+90) 531 336 92 81<\/p><p><img decoding=\"async\" title=\"Antik Konak\" src=\"https:\/\/web.archive.org\/web\/20220120200627im_\/http:\/\/antikkonak.com\/assets\/images\/phone.png\" alt=\"Antik Konak\" \/>\u00a0 (+90) 532 417 68 69<\/p><p><img decoding=\"async\" title=\"Antik Konak\" src=\"https:\/\/web.archive.org\/web\/20220120200627im_\/http:\/\/antikkonak.com\/assets\/images\/phone.png\" alt=\"Antik Konak\" \/> (+90) 532 417 04 45<\/p><p><img decoding=\"async\" title=\"Antik Konak\" src=\"https:\/\/web.archive.org\/web\/20220120200627im_\/http:\/\/antikkonak.com\/assets\/images\/email.png\" alt=\"Antik Konak\" \/> <a href=\"mailto:info@mktravelagency.com\">info@mktravelagency.com<\/a><\/p><\/div>\t\t\t\t\t\t\t\t<\/div>\n\t\t\t\t<\/div>\n\t\t\t\t\t<\/div>\n\t\t\t\t<\/div>\n\t\t\t\t<\/div>\n\t\t","protected":false},"excerpt":{"rendered":"<p>Antik Konak Luxury Apart Hotel \u00a0 K\u00fc\u00e7\u00fckayasofya Cad.No:78, 34122 Sultanahmet &#8211; Fatih \/ T\u00fcrkiye \u00a0 (+90) 531 336 92 81 \u00a0 (+90) 532 417 68 [&hellip;]<\/p>\n","protected":false},"author":1,"featured_media":0,"parent":0,"menu_order":0,"comment_status":"closed","ping_status":"closed","template":"elementor_header_footer","meta":{"footnotes":""},"class_list":["post-2","page","type-page","status-publish","hentry"],"_links":{"self":[{"href":"https:\/\/antikkonak.com\/En\/wp-json\/wp\/v2\/pages\/2","targetHints":{"allow":["GET"]}}],"collection":[{"href":"https:\/\/antikkonak.com\/En\/wp-json\/wp\/v2\/pages"}],"about":[{"href":"https:\/\/antikkonak.com\/En\/wp-json\/wp\/v2\/types\/page"}],"author":[{"embeddable":true,"href":"https:\/\/antikkonak.com\/En\/wp-json\/wp\/v2\/users\/1"}],"replies":[{"embeddable":true,"href":"https:\/\/antikkonak.com\/En\/wp-json\/wp\/v2\/comments?post=2"}],"version-history":[{"count":27,"href":"https:\/\/antikkonak.com\/En\/wp-json\/wp\/v2\/pages\/2\/revisions"}],"predecessor-version":[{"id":459,"href":"https:\/\/antikkonak.com\/En\/wp-json\/wp\/v2\/pages\/2\/revisions\/459"}],"wp:attachment":[{"href":"https:\/\/antikkonak.com\/En\/wp-json\/wp\/v2\/media?parent=2"}],"curies":[{"name":"wp","href":"https:\/\/api.w.org\/{rel}","templated":true}]}}